{"id":133,"date":"2017-06-05T15:03:13","date_gmt":"2017-06-05T13:03:13","guid":{"rendered":"http:\/\/www.roda.it\/?page_id=133"},"modified":"2024-11-18T15:19:51","modified_gmt":"2024-11-18T14:19:51","slug":"progettazione-di-linee-elettriche","status":"publish","type":"page","link":"https:\/\/rodaspa.com\/it\/progettazione-di-linee-elettriche\/","title":{"rendered":"Progettazione"},"content":{"rendered":"<p>Il team dell\u2019Ufficio Tecnico, nel quale operano risorse qualificate e con le necessarie abilitazioni professionali, oltre allo sviluppo corrente della progettazione costruttiva indispensabile per le fasi di approvvigionamento e di costruzione delle opere appaltate, \u00e8 in grado di sviluppare progettazione a partire dallo studio di fattibilit\u00e0 fino al progetto esecutivo che, a seconda delle esigenze del cliente finale, pu\u00f2 essere o meno seguita dalla costruzione. Il team interno pu\u00f2 essere affiancato sia da esperti per attivit\u00e0 di carattere specialistico che da note societ\u00e0 di ingegneria. Numerose sono le realizzazioni chiavi in mano a partire da studi di fattibilit\u00e0 ricevuti in fase d\u2019appalto cos\u00ec come consulenze, studi, progetti realizzati da terzi.<\/p>\n<p>Stretta \u00e8 inoltre la collaborazione con l\u2019ingegneria di note societ\u00e0 impiantistiche e con costruttori specializzati per lo sviluppo di soluzioni innovative dedicate a particolari criticit\u00e0 tecniche. In questi casi la progettazione esecutiva \u00e8 stata pi\u00f9 volte seguita da test su strutture o componenti sia per validarne il dimensionamento che per renderne pi\u00f9 efficiente la messa in opera. Per tali attivit\u00e0 sono state consolidate collaborazioni con noti laboratori nazionali per prove che possono essere condotte anche presso facilities di propriet\u00e0, sempre disponibili e in grado di ospitare elementi di dimensioni rilevanti.<\/p>\n","protected":false},"excerpt":{"rendered":"<p>Il team dell\u2019Ufficio Tecnico, nel quale operano risorse qualificate e con le necessarie abilitazioni professionali, oltre allo sviluppo corrente della progettazione costruttiva indispensabile per le fasi di approvvigionamento e di costruzione delle opere appaltate, \u00e8 in grado di sviluppare progettazione a partire dallo studio di fattibilit\u00e0 fino al progetto esecutivo che, a seconda delle esigenze [&hellip;]<\/p>\n","protected":false},"author":1,"featured_media":1954,"parent":0,"menu_order":31,"comment_status":"closed","ping_status":"closed","template":"","meta":{"_acf_changed":false,"footnotes":""},"class_list":["post-133","page","type-page","status-publish","has-post-thumbnail","hentry"],"acf":[],"_links":{"self":[{"href":"https:\/\/rodaspa.com\/it\/wp-json\/wp\/v2\/pages\/133","targetHints":{"allow":["GET"]}}],"collection":[{"href":"https:\/\/rodaspa.com\/it\/wp-json\/wp\/v2\/pages"}],"about":[{"href":"https:\/\/rodaspa.com\/it\/wp-json\/wp\/v2\/types\/page"}],"author":[{"embeddable":true,"href":"https:\/\/rodaspa.com\/it\/wp-json\/wp\/v2\/users\/1"}],"replies":[{"embeddable":true,"href":"https:\/\/rodaspa.com\/it\/wp-json\/wp\/v2\/comments?post=133"}],"version-history":[{"count":28,"href":"https:\/\/rodaspa.com\/it\/wp-json\/wp\/v2\/pages\/133\/revisions"}],"predecessor-version":[{"id":4548,"href":"https:\/\/rodaspa.com\/it\/wp-json\/wp\/v2\/pages\/133\/revisions\/4548"}],"wp:featuredmedia":[{"embeddable":true,"href":"https:\/\/rodaspa.com\/it\/wp-json\/wp\/v2\/media\/1954"}],"wp:attachment":[{"href":"https:\/\/rodaspa.com\/it\/wp-json\/wp\/v2\/media?parent=133"}],"curies":[{"name":"wp","href":"https:\/\/api.w.org\/{rel}","templated":true}]}}