{"id":6968,"date":"2025-10-29T09:07:25","date_gmt":"2025-10-29T08:07:25","guid":{"rendered":"https:\/\/rodaspa.com\/rapports-sur-le-developpement-durable\/"},"modified":"2025-10-29T09:15:03","modified_gmt":"2025-10-29T08:15:03","slug":"rapports-sur-le-developpement-durable","status":"publish","type":"page","link":"https:\/\/rodaspa.com\/fr\/rapports-sur-le-developpement-durable\/","title":{"rendered":"Rapports sur le d\u00e9veloppement durable"},"content":{"rendered":"<p><a class=\"btn btn-custom btn-lg\" href=\"https:\/\/rodaspa.com\/wp-content\/uploads\/Roda_BdS-2024_fra.pdf\" target=\"_blank\" rel=\"noopener\"><i class=\"fa fa-file-pdf-o\"><\/i> T\u00e9l\u00e9charger l\u2019\u00e9dition 2024<\/a><\/p>\n<p>&nbsp;<\/p>\n<p><a class=\"btn btn-custom btn-lg\" href=\"https:\/\/rodaspa.iimage.net\/wp-content\/uploads\/EN_Roda_Bilancio-di-Sostenibilita_2023.pdf\" target=\"_blank\" rel=\"noopener\"><i class=\"fa fa-file-pdf-o\"><\/i> T\u00e9l\u00e9charger l\u2019\u00e9dition 2023<\/a><\/p>\n<p>&nbsp;<\/p>\n<p><a class=\"btn btn-custom btn-lg\" href=\"https:\/\/rodaspa.iimage.net\/wp-content\/uploads\/EN_Roda_Sustainability-Report_2022.pdf\" target=\"_blank\" rel=\"noopener\"><i class=\"fa fa-file-pdf-o\"><\/i> T\u00e9l\u00e9charger l\u2019\u00e9dition 2022<\/a><\/p>\n","protected":false},"excerpt":{"rendered":"<p>T\u00e9l\u00e9charger l\u2019\u00e9dition 2024 &nbsp; T\u00e9l\u00e9charger l\u2019\u00e9dition 2023 &nbsp; T\u00e9l\u00e9charger l\u2019\u00e9dition 2022<\/p>\n","protected":false},"author":1,"featured_media":6970,"parent":0,"menu_order":7,"comment_status":"closed","ping_status":"closed","template":"","meta":{"_acf_changed":false,"footnotes":""},"class_list":["post-6968","page","type-page","status-publish","has-post-thumbnail","hentry"],"acf":[],"_links":{"self":[{"href":"https:\/\/rodaspa.com\/fr\/wp-json\/wp\/v2\/pages\/6968","targetHints":{"allow":["GET"]}}],"collection":[{"href":"https:\/\/rodaspa.com\/fr\/wp-json\/wp\/v2\/pages"}],"about":[{"href":"https:\/\/rodaspa.com\/fr\/wp-json\/wp\/v2\/types\/page"}],"author":[{"embeddable":true,"href":"https:\/\/rodaspa.com\/fr\/wp-json\/wp\/v2\/users\/1"}],"replies":[{"embeddable":true,"href":"https:\/\/rodaspa.com\/fr\/wp-json\/wp\/v2\/comments?post=6968"}],"version-history":[{"count":1,"href":"https:\/\/rodaspa.com\/fr\/wp-json\/wp\/v2\/pages\/6968\/revisions"}],"predecessor-version":[{"id":6975,"href":"https:\/\/rodaspa.com\/fr\/wp-json\/wp\/v2\/pages\/6968\/revisions\/6975"}],"wp:featuredmedia":[{"embeddable":true,"href":"https:\/\/rodaspa.com\/fr\/wp-json\/wp\/v2\/media\/6970"}],"wp:attachment":[{"href":"https:\/\/rodaspa.com\/fr\/wp-json\/wp\/v2\/media?parent=6968"}],"curies":[{"name":"wp","href":"https:\/\/api.w.org\/{rel}","templated":true}]}}