{"id":6811,"date":"2025-10-23T16:47:03","date_gmt":"2025-10-23T14:47:03","guid":{"rendered":"https:\/\/rodaspa.com\/recompenses-et-distinctions\/"},"modified":"2025-10-23T16:47:03","modified_gmt":"2025-10-23T14:47:03","slug":"recompenses-et-distinctions","status":"publish","type":"page","link":"https:\/\/rodaspa.com\/fr\/recompenses-et-distinctions\/","title":{"rendered":"R\u00e9compenses et distinctions"},"content":{"rendered":"<p>Nous sommes fiers d\u2019avoir re\u00e7u le <strong>\u00ab Legalit\u00e0 &#038; profitto \u2013 Economy \u2013 Rsm Award 2025 \u00bb<\/strong> le 4 avril 2025 au S\u00e9nat.<\/p>\n<p><a class=\"btn btn-custom btn-lg\" href=\"https:\/\/rodaspa.com\/wp-content\/uploads\/Roda.pdf\" target=\"_blank\" rel=\"noopener\"><i class=\"fa fa-file-pdf-o\"><\/i> T\u00e9l\u00e9charger le fichier<\/a><\/p>\n","protected":false},"excerpt":{"rendered":"<p>Nous sommes fiers d\u2019avoir re\u00e7u le \u00ab Legalit\u00e0 &#038; profitto \u2013 Economy \u2013 Rsm Award 2025 \u00bb le 4 avril 2025 au S\u00e9nat. T\u00e9l\u00e9charger le fichier<\/p>\n","protected":false},"author":1,"featured_media":6812,"parent":0,"menu_order":4,"comment_status":"closed","ping_status":"closed","template":"","meta":{"_acf_changed":false,"footnotes":""},"class_list":["post-6811","page","type-page","status-publish","has-post-thumbnail","hentry"],"acf":[],"_links":{"self":[{"href":"https:\/\/rodaspa.com\/fr\/wp-json\/wp\/v2\/pages\/6811","targetHints":{"allow":["GET"]}}],"collection":[{"href":"https:\/\/rodaspa.com\/fr\/wp-json\/wp\/v2\/pages"}],"about":[{"href":"https:\/\/rodaspa.com\/fr\/wp-json\/wp\/v2\/types\/page"}],"author":[{"embeddable":true,"href":"https:\/\/rodaspa.com\/fr\/wp-json\/wp\/v2\/users\/1"}],"replies":[{"embeddable":true,"href":"https:\/\/rodaspa.com\/fr\/wp-json\/wp\/v2\/comments?post=6811"}],"version-history":[{"count":0,"href":"https:\/\/rodaspa.com\/fr\/wp-json\/wp\/v2\/pages\/6811\/revisions"}],"wp:featuredmedia":[{"embeddable":true,"href":"https:\/\/rodaspa.com\/fr\/wp-json\/wp\/v2\/media\/6812"}],"wp:attachment":[{"href":"https:\/\/rodaspa.com\/fr\/wp-json\/wp\/v2\/media?parent=6811"}],"curies":[{"name":"wp","href":"https:\/\/api.w.org\/{rel}","templated":true}]}}