{"id":6802,"date":"2025-10-23T16:35:40","date_gmt":"2025-10-23T14:35:40","guid":{"rendered":"https:\/\/rodaspa.com\/conception\/"},"modified":"2025-10-23T16:36:44","modified_gmt":"2025-10-23T14:36:44","slug":"conception","status":"publish","type":"page","link":"https:\/\/rodaspa.com\/fr\/conception\/","title":{"rendered":"Conception"},"content":{"rendered":"<article class=\"text-token-text-primary w-full focus:outline-none [--shadow-height:45px] has-data-writing-block:pointer-events-none has-data-writing-block:-mt-(--shadow-height) has-data-writing-block:pt-(--shadow-height) [&amp;:has([data-writing-block])&gt;*]:pointer-events-auto scroll-mt-[calc(var(--header-height)+min(200px,max(70px,20svh)))]\" dir=\"auto\" tabindex=\"-1\" data-turn-id=\"request-WEB:c98b0d3b-ec90-4bac-967b-48e891c02e8d-6\" data-testid=\"conversation-turn-14\" data-scroll-anchor=\"true\" data-turn=\"assistant\">\n<div class=\"text-base my-auto mx-auto pb-10 [--thread-content-margin:--spacing(4)] thread-sm:[--thread-content-margin:--spacing(6)] thread-lg:[--thread-content-margin:--spacing(16)] px-(--thread-content-margin)\">\n<div class=\"[--thread-content-max-width:40rem] thread-lg:[--thread-content-max-width:48rem] mx-auto max-w-(--thread-content-max-width) flex-1 group\/turn-messages focus-visible:outline-hidden relative flex w-full min-w-0 flex-col agent-turn\" tabindex=\"-1\">\n<div class=\"flex max-w-full flex-col grow\">\n<div class=\"min-h-8 text-message relative flex w-full flex-col items-end gap-2 text-start break-words whitespace-normal [.text-message+&amp;]:mt-1\" dir=\"auto\" data-message-author-role=\"assistant\" data-message-id=\"0f4b1369-a4aa-4908-a3be-d5cb9e005a5f\" data-message-model-slug=\"gpt-5\">\n<div class=\"flex w-full flex-col gap-1 empty:hidden first:pt-[1px]\">\n<div class=\"markdown prose dark:prose-invert w-full break-words dark markdown-new-styling\">\n<p data-start=\"0\" data-end=\"845\">L\u2019\u00e9quipe du d\u00e9partement technique est compos\u00e9e de professionnels hautement qualifi\u00e9s disposant de toutes les certifications n\u00e9cessaires au d\u00e9veloppement r\u00e9gulier des projets d\u2019ex\u00e9cution requis pour les travaux de construction confi\u00e9s et leurs besoins d\u2019approvisionnement associ\u00e9s.<br data-start=\"280\" data-end=\"283\" \/>L\u2019\u00e9quipe prend en charge toutes les phases de conception, depuis l\u2019\u00e9tude de faisabilit\u00e9 jusqu\u2019au projet d\u2019ex\u00e9cution, lequel peut, selon les besoins du client final, conduire ou non \u00e0 une phase de r\u00e9alisation.<br data-start=\"491\" data-end=\"494\" \/>L\u2019\u00e9quipe interne peut \u00eatre assist\u00e9e, le cas \u00e9ch\u00e9ant, par des experts pour certaines activit\u00e9s sp\u00e9cialis\u00e9es ainsi que par des bureaux d\u2019ing\u00e9nierie partenaires.<br data-start=\"652\" data-end=\"655\" \/>De nombreux projets cl\u00e9s en main ont \u00e9t\u00e9 r\u00e9alis\u00e9s, \u00e0 partir d\u2019\u00e9tudes de faisabilit\u00e9 re\u00e7ues en phase d\u2019appel d\u2019offres, de contrats de conseil, d\u2019\u00e9tudes ou de projets d\u00e9velopp\u00e9s par des tiers.<\/p>\n<p data-start=\"847\" data-end=\"1606\" data-is-last-node=\"\" data-is-only-node=\"\">Nous collaborons \u00e9galement \u00e9troitement avec les experts techniques d\u2019entreprises d\u2019ing\u00e9nierie reconnues, ainsi qu\u2019avec des d\u00e9veloppeurs sp\u00e9cialis\u00e9s dans la mise au point de solutions innovantes destin\u00e9es \u00e0 r\u00e9soudre des probl\u00e9matiques techniques sp\u00e9cifiques.<br data-start=\"1104\" data-end=\"1107\" \/>Dans ces cas, il est courant que la conception d\u2019ex\u00e9cution soit suivie de tests structurels ou de composants, r\u00e9alis\u00e9s \u00e0 plusieurs reprises, tant pour valider la conformit\u00e9 dimensionnelle que pour optimiser les modalit\u00e9s d\u2019application.<br data-start=\"1342\" data-end=\"1345\" \/>Afin de soutenir ces activit\u00e9s, nous avons \u00e9tabli des partenariats avec des laboratoires d\u2019essais nationaux de renom, permettant la r\u00e9alisation de tests \u00e9galement dans des installations d\u00e9di\u00e9es, fiables et capables d\u2019accueillir des \u00e9l\u00e9ments de grande dimension.<\/p>\n<\/div>\n<\/div>\n<\/div>\n<\/div>\n<\/div>\n<\/div>\n<\/article>\n","protected":false},"excerpt":{"rendered":"<p>L\u2019\u00e9quipe du d\u00e9partement technique est compos\u00e9e de professionnels hautement qualifi\u00e9s disposant de toutes les certifications n\u00e9cessaires au d\u00e9veloppement r\u00e9gulier des projets d\u2019ex\u00e9cution requis pour les travaux de construction confi\u00e9s et leurs besoins d\u2019approvisionnement associ\u00e9s.L\u2019\u00e9quipe prend en charge toutes les phases de conception, depuis l\u2019\u00e9tude de faisabilit\u00e9 jusqu\u2019au projet d\u2019ex\u00e9cution, lequel peut, selon les besoins du [&hellip;]<\/p>\n","protected":false},"author":1,"featured_media":1956,"parent":0,"menu_order":32,"comment_status":"closed","ping_status":"closed","template":"","meta":{"_acf_changed":false,"footnotes":""},"class_list":["post-6802","page","type-page","status-publish","has-post-thumbnail","hentry"],"acf":[],"_links":{"self":[{"href":"https:\/\/rodaspa.com\/fr\/wp-json\/wp\/v2\/pages\/6802","targetHints":{"allow":["GET"]}}],"collection":[{"href":"https:\/\/rodaspa.com\/fr\/wp-json\/wp\/v2\/pages"}],"about":[{"href":"https:\/\/rodaspa.com\/fr\/wp-json\/wp\/v2\/types\/page"}],"author":[{"embeddable":true,"href":"https:\/\/rodaspa.com\/fr\/wp-json\/wp\/v2\/users\/1"}],"replies":[{"embeddable":true,"href":"https:\/\/rodaspa.com\/fr\/wp-json\/wp\/v2\/comments?post=6802"}],"version-history":[{"count":1,"href":"https:\/\/rodaspa.com\/fr\/wp-json\/wp\/v2\/pages\/6802\/revisions"}],"predecessor-version":[{"id":6804,"href":"https:\/\/rodaspa.com\/fr\/wp-json\/wp\/v2\/pages\/6802\/revisions\/6804"}],"wp:featuredmedia":[{"embeddable":true,"href":"https:\/\/rodaspa.com\/fr\/wp-json\/wp\/v2\/media\/1956"}],"wp:attachment":[{"href":"https:\/\/rodaspa.com\/fr\/wp-json\/wp\/v2\/media?parent=6802"}],"curies":[{"name":"wp","href":"https:\/\/api.w.org\/{rel}","templated":true}]}}