{"id":6786,"date":"2017-06-05T15:02:44","date_gmt":"2017-06-05T13:02:44","guid":{"rendered":"https:\/\/rodaspa.com\/plant-engineering\/"},"modified":"2025-10-29T09:00:47","modified_gmt":"2025-10-29T08:00:47","slug":"ingenierie-des-installations","status":"publish","type":"page","link":"https:\/\/rodaspa.com\/fr\/ingenierie-des-installations\/","title":{"rendered":"Ing\u00e9nierie des installations"},"content":{"rendered":"<p>Nous sommes leaders dans la conception, la construction et la maintenance de lignes \u00e9lectriques pour le transport et la distribution d\u2019\u00e9nergie \u00e0 haute tension, en Italie comme \u00e0 l\u2019\u00e9tranger.<\/p>\n<p>En Italie, nous faisons partie des rares entreprises qualifi\u00e9es par TERNA\u00a0Rete\u00a0Italia\u00a0S.p.A. pour intervenir sur des lignes \u00e9lectriques jusqu\u2019\u00e0 380\u00a0kV. \u00c0 l\u2019international, nous op\u00e9rons actuellement en France et en Belgique, aupr\u00e8s des gestionnaires publics RTE et ELIA.<\/p>\n<p>Nous sommes \u00e9galement actifs dans la conception et la r\u00e9alisation de lignes \u00e9lectriques souterraines, y compris pour les interconnexions internationales\u00a0en courant continu (jusqu\u2019\u00e0 500\u00a0kV\u00a0CC).<\/p>\n","protected":false},"excerpt":{"rendered":"<p>Nous sommes leaders dans la conception, la construction et la maintenance de lignes \u00e9lectriques pour le transport et la distribution d\u2019\u00e9nergie \u00e0 haute tension, en Italie comme \u00e0 l\u2019\u00e9tranger. En Italie, nous faisons partie des rares entreprises qualifi\u00e9es par TERNA\u00a0Rete\u00a0Italia\u00a0S.p.A. pour intervenir sur des lignes \u00e9lectriques jusqu\u2019\u00e0 380\u00a0kV. \u00c0 l\u2019international, nous op\u00e9rons actuellement en France [&hellip;]<\/p>\n","protected":false},"author":1,"featured_media":1893,"parent":0,"menu_order":16,"comment_status":"closed","ping_status":"closed","template":"","meta":{"_acf_changed":false,"footnotes":""},"class_list":["post-6786","page","type-page","status-publish","has-post-thumbnail","hentry"],"acf":[],"_links":{"self":[{"href":"https:\/\/rodaspa.com\/fr\/wp-json\/wp\/v2\/pages\/6786","targetHints":{"allow":["GET"]}}],"collection":[{"href":"https:\/\/rodaspa.com\/fr\/wp-json\/wp\/v2\/pages"}],"about":[{"href":"https:\/\/rodaspa.com\/fr\/wp-json\/wp\/v2\/types\/page"}],"author":[{"embeddable":true,"href":"https:\/\/rodaspa.com\/fr\/wp-json\/wp\/v2\/users\/1"}],"replies":[{"embeddable":true,"href":"https:\/\/rodaspa.com\/fr\/wp-json\/wp\/v2\/comments?post=6786"}],"version-history":[{"count":6,"href":"https:\/\/rodaspa.com\/fr\/wp-json\/wp\/v2\/pages\/6786\/revisions"}],"predecessor-version":[{"id":6966,"href":"https:\/\/rodaspa.com\/fr\/wp-json\/wp\/v2\/pages\/6786\/revisions\/6966"}],"wp:featuredmedia":[{"embeddable":true,"href":"https:\/\/rodaspa.com\/fr\/wp-json\/wp\/v2\/media\/1893"}],"wp:attachment":[{"href":"https:\/\/rodaspa.com\/fr\/wp-json\/wp\/v2\/media?parent=6786"}],"curies":[{"name":"wp","href":"https:\/\/api.w.org\/{rel}","templated":true}]}}