{"id":6583,"date":"2025-10-20T16:39:57","date_gmt":"2025-10-20T14:39:57","guid":{"rendered":"https:\/\/rodaspa.com\/?page_id=6583"},"modified":"2025-10-29T08:53:05","modified_gmt":"2025-10-29T07:53:05","slug":"menuiserie","status":"publish","type":"page","link":"https:\/\/rodaspa.com\/fr\/menuiserie\/","title":{"rendered":"Menuiserie"},"content":{"rendered":"<p>Notre division de charpenterie m\u00e9tallique, issue de l\u2019historique\u00a0<strong>CIBALDI\u00a0FRATELLI<\/strong>\u00a0fond\u00e9e en\u00a01890 et sp\u00e9cialis\u00e9e \u00e0 l\u2019origine dans les travaux de forge, a progressivement enrichi son savoir-faire. En\u00a01960, elle devient\u00a0<strong>CARPENTERIE\u00a0SPECIALIZZATE<\/strong>, r\u00e9alisant ses premiers pyl\u00f4nes pour les soci\u00e9t\u00e9s \u00e9lectriques. En\u00a01993, l\u2019entreprise prend le nom de\u00a0<strong>CARPENTERIE\u00a0METALLICHE\u00a0BRESCIA\u00a0CMB\u00a0S.r.l.<\/strong>, consolidant ainsi sa r\u00e9putation dans la construction de tours et de pyl\u00f4nes pour lignes \u00e0 haute tension. Aujourd\u2019hui, int\u00e9gr\u00e9e au sein de la soci\u00e9t\u00e9\u00a0<strong>Roda\u00a0S.p.A.<\/strong>, nous demeurons un acteur de premier plan dans le domaine des constructions m\u00e9talliques, au service de certaines des plus importantes compagnies d\u2019\u00e9lectricit\u00e9 europ\u00e9ennes.<\/p>\n<p>En associant une tradition s\u00e9culaire du travail du fer \u00e0 des proc\u00e9d\u00e9s de production et \u00e0 des technologies de pointe, nous op\u00e9rons dans le cadre d\u2019un syst\u00e8me int\u00e9gr\u00e9, certifi\u00e9 selon de nombreuses normes internationales. Notre excellence dans la fabrication de composants structurels en acier est attest\u00e9e par les certifications\u00a0<strong>ISO\u00a01090<\/strong>\u00a0et\u00a0<strong>ISO\u00a03834<\/strong>, gages de la qualit\u00e9 et de la s\u00e9curit\u00e9 de nos structures m\u00e9talliques.<\/p>\n<p>Avant son int\u00e9gration,\u00a0<strong>CMB\u00a0S.r.l.<\/strong> disposait d\u00e9j\u00e0 de nombreuses certifications. Avec la fusion, nos syst\u00e8mes ont \u00e9t\u00e9 harmonis\u00e9s pour maximiser les synergies avec les processus de\u00a0<strong>Roda\u00a0S.p.A.<\/strong>\u00a0Notre engagement constant en faveur de la qualit\u00e9 et de la s\u00e9curit\u00e9 garantit que nos produits \u2013\u00a0des pyl\u00f4nes pour lignes \u00e0 haute tension \u00e0 l\u2019ensemble de la charpenterie m\u00e9tallique\u00a0\u2013 offrent des performances optimales, m\u00eame dans les conditions environnementales les plus exigeantes. Nous regardons vers l\u2019avenir avec l\u2019ambition de diversifier encore notre gamme de produits, contribuant ainsi de mani\u00e8re significative au d\u00e9veloppement des infrastructures et \u00e0 la durabilit\u00e9 \u00e9nerg\u00e9tique.<\/p>\n","protected":false},"excerpt":{"rendered":"<p>Notre division de charpenterie m\u00e9tallique, issue de l\u2019historique\u00a0CIBALDI\u00a0FRATELLI\u00a0fond\u00e9e en\u00a01890 et sp\u00e9cialis\u00e9e \u00e0 l\u2019origine dans les travaux de forge, a progressivement enrichi son savoir-faire. En\u00a01960, elle devient\u00a0CARPENTERIE\u00a0SPECIALIZZATE, r\u00e9alisant ses premiers pyl\u00f4nes pour les soci\u00e9t\u00e9s \u00e9lectriques. En\u00a01993, l\u2019entreprise prend le nom de\u00a0CARPENTERIE\u00a0METALLICHE\u00a0BRESCIA\u00a0CMB\u00a0S.r.l., consolidant ainsi sa r\u00e9putation dans la construction de tours et de pyl\u00f4nes pour lignes \u00e0 [&hellip;]<\/p>\n","protected":false},"author":1,"featured_media":5897,"parent":0,"menu_order":29,"comment_status":"closed","ping_status":"closed","template":"","meta":{"_acf_changed":false,"footnotes":""},"class_list":["post-6583","page","type-page","status-publish","has-post-thumbnail","hentry"],"acf":[],"_links":{"self":[{"href":"https:\/\/rodaspa.com\/fr\/wp-json\/wp\/v2\/pages\/6583","targetHints":{"allow":["GET"]}}],"collection":[{"href":"https:\/\/rodaspa.com\/fr\/wp-json\/wp\/v2\/pages"}],"about":[{"href":"https:\/\/rodaspa.com\/fr\/wp-json\/wp\/v2\/types\/page"}],"author":[{"embeddable":true,"href":"https:\/\/rodaspa.com\/fr\/wp-json\/wp\/v2\/users\/1"}],"replies":[{"embeddable":true,"href":"https:\/\/rodaspa.com\/fr\/wp-json\/wp\/v2\/comments?post=6583"}],"version-history":[{"count":6,"href":"https:\/\/rodaspa.com\/fr\/wp-json\/wp\/v2\/pages\/6583\/revisions"}],"predecessor-version":[{"id":6962,"href":"https:\/\/rodaspa.com\/fr\/wp-json\/wp\/v2\/pages\/6583\/revisions\/6962"}],"wp:featuredmedia":[{"embeddable":true,"href":"https:\/\/rodaspa.com\/fr\/wp-json\/wp\/v2\/media\/5897"}],"wp:attachment":[{"href":"https:\/\/rodaspa.com\/fr\/wp-json\/wp\/v2\/media?parent=6583"}],"curies":[{"name":"wp","href":"https:\/\/api.w.org\/{rel}","templated":true}]}}